{"id":7553,"date":"2026-05-06T14:18:51","date_gmt":"2026-05-06T12:18:51","guid":{"rendered":"https:\/\/bruettelenbad.ch\/?page_id=7553"},"modified":"2026-05-06T14:18:51","modified_gmt":"2026-05-06T12:18:51","slug":"sozialpaedagogen-innen-oder-fachpersonen-betreuung-60-90","status":"publish","type":"page","link":"https:\/\/bruettelenbad.ch\/ed\/sozialpaedagogen-innen-oder-fachpersonen-betreuung-60-90\/","title":{"rendered":"Sozialp\u00e4dagogen: innen oder Fachpersonen Betreuung 60-90%"},"content":{"rendered":"<p class=\"qtranxs-available-languages-message qtranxs-available-languages-message-ed\">Diesen Eintrag gibt es nur in normaler Sprache.<\/p><p>Die Stiftung Br\u00fcttelenbad bietet betreute Wohn- und Arbeitspl\u00e4tze an f\u00fcr rund 60 Menschen mit kognitiven und mehrfachen Beeintr\u00e4chtigungen. 100 Fachpersonen k\u00fcmmern sich um ihr Wohl mit dem Ziel, ihnen Lebensfreude und Geborgenheit in der Gemeinschaft zu erm\u00f6glichen. Liebst du den Umgang mit Menschen und m\u00f6chtest etwas zur Lebensqualit\u00e4t der Klient:innen des Br\u00fcttelenbads beitragen?<\/p>\n<p>Zur Verst\u00e4rkung unseres Teams der Wohngruppe Rot in Ins suchen wir per 01.08.2026 oder nach Vereinbarung<\/p>\n<p><strong>\u00a0 \u00a0 \u00a0 \u00a0 \u00a0 \u00a0 \u00a0 \u00a0 \u00a0 \u00a0 \u00a0 \u00a0 \u00a0 \u00a0 \u00a0 \u00a0Sozialp\u00e4dagogen: innen oder Fachpersonen Betreuung 60-90%<\/strong><\/p>\n<p>Das machst du:<\/p>\n<ul>\n<li>Betreuung der Klient:innen im Wohngruppenalltag mit agogischen, pflegerischen und administrativen Aufgaben<\/li>\n<li>Erhalten und F\u00f6rdern der Eigenst\u00e4ndigkeit<\/li>\n<li>Bereitschaft zur aktiven Teamarbeit<\/li>\n<li>Planung und Begleitung von Freizeitaktivit\u00e4ten<\/li>\n<li>Bezugspersonenarbeit<\/li>\n<li>Hauswirtschaftliche Arbeiten<\/li>\n<\/ul>\n<p>Das bringst du mit:<\/p>\n<ul>\n<li>Abgeschlossene Ausbildung als Sozialp\u00e4dagogin\/Sozialp\u00e4dagoge (HF) oder Fachfrau\/-mann Betreuung EFZ<\/li>\n<li>In hektischen Situationen einen k\u00fchlen Kopf bewahren<\/li>\n<li>Hohe Sozialkompetenz sowie ausgepr\u00e4gte Kommunikations- und Organisationsf\u00e4higkeiten<\/li>\n<li>Flexible, belastbare und humorvolle Pers\u00f6nlichkeit mit Freude am selbst\u00e4ndigen Arbeiten (Dienste allein)<\/li>\n<li>Freude am aktiven Mitdenken im Team<\/li>\n<li>Flexibilit\u00e4t und die Bereitschaft, Abend-, Nacht- und Wochenenddienste zu leisten<\/li>\n<li>F\u00fchrerausweis Kategorie B zwingend und sicherer Umgang mit Microsoft 365 (Word, Excel, Outlook)<\/li>\n<\/ul>\n<p>Das bieten wir dir:<\/p>\n<ul>\n<li>Abwechslungsreiche Arbeit in einem engagierten Team und fundierte Einarbeitung<\/li>\n<li>Attraktive Anstellungsbedingungen in Anlehnung an die kantonalen Richtlinien, 5 Wochen Ferien<\/li>\n<li>Keine geteilten Dienste<\/li>\n<li>Kostenloser Parkplatz sowie nahe Bahnhof und \u00d6V Anschluss<\/li>\n<li>Interne und externe Weiterbildungen<\/li>\n<li>Betriebliche Sozialberatung f\u00fcr das Wohlergehen der Mitarbeitenden<\/li>\n<\/ul>\n<p>Die WG bietet 8 Pl\u00e4tze und das Team besteht aus insgesamt 6 Mitarbeitenden. Die Bewohner:innen sch\u00e4tzen die zentrale Lage, sind sehr kommunikativ und neugierig. Sie nutzen die Tagesstruktur im Hauptgeb\u00e4ude der Stiftung in Br\u00fcttelen. M\u00f6chtest du die Herausforderung annehmen? Dann freuen wir uns darauf, Dich kennen zu lernen.<\/p>\n<p>F\u00fcr weitere Ausk\u00fcnfte stehen dir Stephan Baumann, Institutionsleiter, unter 032 321 38 01 oder Ilzana Baftijari, Personal, unter 032 321 38 00 gerne zur Verf\u00fcgung.<\/p>\n<p>Deine vollst\u00e4ndigen Bewerbungsunterlagen sende bitte an: <a href=\"&#x6d;&#x61;&#x69;&#108;&#116;&#111;:p&#x65;&#x72;&#x73;&#x6f;&#110;&#97;l&#64;&#x62;&#x72;&#x75;&#x65;&#116;&#116;el&#x65;&#x6e;&#x62;&#x61;&#100;&#46;&#99;h\">&#112;&#x65;&#x72;&#115;&#x6f;&#x6e;&#97;&#x6c;&#x40;&#98;&#x72;&#x75;&#101;&#x74;&#x74;&#101;&#x6c;&#x65;&#110;&#x62;&#x61;&#100;&#x2e;&#x63;&#104;<\/a><\/p>\n<h5>Schnellbewerbung:<\/h5>\n<p>\n<div class=\"wpcf7 no-js\" id=\"wpcf7-f6576-o1\" lang=\"de-DE\" dir=\"ltr\" data-wpcf7-id=\"6576\">\n<div class=\"screen-reader-response\"><p role=\"status\" aria-live=\"polite\" aria-atomic=\"true\"><\/p> <ul><\/ul><\/div>\n<form action=\"\/ed\/wp-json\/wp\/v2\/pages\/7553#wpcf7-f6576-o1\" method=\"post\" class=\"wpcf7-form init\" aria-label=\"Kontaktformular\" enctype=\"multipart\/form-data\" novalidate=\"novalidate\" data-status=\"init\">\n<fieldset class=\"hidden-fields-container\"><input type=\"hidden\" name=\"_wpcf7\" value=\"6576\" \/><input type=\"hidden\" name=\"_wpcf7_version\" value=\"6.1.5\" \/><input type=\"hidden\" name=\"_wpcf7_locale\" value=\"de_DE\" \/><input type=\"hidden\" name=\"_wpcf7_unit_tag\" value=\"wpcf7-f6576-o1\" \/><input type=\"hidden\" name=\"_wpcf7_container_post\" value=\"0\" \/><input type=\"hidden\" name=\"_wpcf7_posted_data_hash\" value=\"\" \/>\n<\/fieldset>\n<div class=\"input-wrapper\">\n<div id=\"scroll-to-form\"><\/div>\n<span class=\"wpcf7-form-control-wrap\" data-name=\"stelle-name\"><input size=\"40\" maxlength=\"400\" class=\"wpcf7-form-control wpcf7-text wpcf7-validates-as-required\" aria-required=\"true\" aria-invalid=\"false\" placeholder=\"Vollst\u00e4ndiger Name*\" value=\"\" type=\"text\" name=\"stelle-name\" \/><\/span>\n\n<span class=\"wpcf7-form-control-wrap\" data-name=\"stelle-email\"><input size=\"40\" maxlength=\"400\" class=\"wpcf7-form-control wpcf7-email wpcf7-validates-as-required wpcf7-text wpcf7-validates-as-email\" aria-required=\"true\" aria-invalid=\"false\" placeholder=\"E-Mail Adresse*\" value=\"\" type=\"email\" name=\"stelle-email\" \/><\/span>\n\n<span class=\"wpcf7-form-control-wrap\" data-name=\"stelle-telefon\"><input size=\"40\" maxlength=\"400\" class=\"wpcf7-form-control wpcf7-tel wpcf7-text wpcf7-validates-as-tel\" aria-invalid=\"false\" placeholder=\"Telefonnummer\" value=\"\" type=\"tel\" name=\"stelle-telefon\" \/><\/span>\n\n<br>\nCV Hochladen (PDF, max 2MB)\n<span class=\"wpcf7-form-control-wrap\" data-name=\"stellen-cv\"><input size=\"40\" class=\"wpcf7-form-control wpcf7-file\" accept=\"image\/*,.txt,application\/pdf\" aria-invalid=\"false\" type=\"file\" name=\"stellen-cv\" \/><\/span>\n\n<span class=\"wpcf7-form-control-wrap\" data-name=\"stellen-form\"><input size=\"40\" maxlength=\"400\" class=\"wpcf7-form-control wpcf7-text stellen-form\" aria-invalid=\"false\" value=\"\" type=\"text\" name=\"stellen-form\" \/><\/span>\n\n\n<input class=\"wpcf7-form-control wpcf7-submit has-spinner\" type=\"submit\" value=\"Senden\" \/>\n<\/div><div class=\"wpcf7-response-output\" aria-hidden=\"true\"><\/div>\n<\/form>\n<\/div>\n<\/p>","protected":false},"excerpt":{"rendered":"<p>Diesen Eintrag gibt es nur in normaler Sprache.Die Stiftung Br\u00fcttelenbad bietet betreute Wohn- und Arbeitspl\u00e4tze an f\u00fcr rund 60 Menschen mit kognitiven und mehrfachen Beeintr\u00e4chtigungen. 100 Fachpersonen k\u00fcmmern sich um ihr Wohl mit dem Ziel, ihnen Lebensfreude und Geborgenheit in der Gemeinschaft zu erm\u00f6glichen. Liebst du den Umgang mit Menschen und m\u00f6chtest etwas zur Lebensqualit\u00e4t [&hellip;]<\/p>\n","protected":false},"author":6,"featured_media":0,"parent":0,"menu_order":0,"comment_status":"closed","ping_status":"closed","template":"","meta":{"footnotes":""},"class_list":["post-7553","page","type-page","status-publish","hentry"],"acf":[],"_links":{"self":[{"href":"https:\/\/bruettelenbad.ch\/ed\/wp-json\/wp\/v2\/pages\/7553","targetHints":{"allow":["GET"]}}],"collection":[{"href":"https:\/\/bruettelenbad.ch\/ed\/wp-json\/wp\/v2\/pages"}],"about":[{"href":"https:\/\/bruettelenbad.ch\/ed\/wp-json\/wp\/v2\/types\/page"}],"author":[{"embeddable":true,"href":"https:\/\/bruettelenbad.ch\/ed\/wp-json\/wp\/v2\/users\/6"}],"replies":[{"embeddable":true,"href":"https:\/\/bruettelenbad.ch\/ed\/wp-json\/wp\/v2\/comments?post=7553"}],"version-history":[{"count":2,"href":"https:\/\/bruettelenbad.ch\/ed\/wp-json\/wp\/v2\/pages\/7553\/revisions"}],"predecessor-version":[{"id":7556,"href":"https:\/\/bruettelenbad.ch\/ed\/wp-json\/wp\/v2\/pages\/7553\/revisions\/7556"}],"wp:attachment":[{"href":"https:\/\/bruettelenbad.ch\/ed\/wp-json\/wp\/v2\/media?parent=7553"}],"curies":[{"name":"wp","href":"https:\/\/api.w.org\/{rel}","templated":true}]}}