{"id":7543,"date":"2026-03-27T14:28:28","date_gmt":"2026-03-27T13:28:28","guid":{"rendered":"https:\/\/bruettelenbad.ch\/?page_id=7543"},"modified":"2026-05-06T14:16:25","modified_gmt":"2026-05-06T12:16:25","slug":"springerin-2","status":"publish","type":"page","link":"https:\/\/bruettelenbad.ch\/ed\/springerin-2\/","title":{"rendered":"Springer:in"},"content":{"rendered":"<p class=\"qtranxs-available-languages-message qtranxs-available-languages-message-ed\">Diesen Eintrag gibt es nur in normaler Sprache.<\/p><p>Die Stiftung Br\u00fcttelenbad bietet betreute Wohn- und Arbeitspl\u00e4tze an f\u00fcr rund 60 Menschen mit kognitiven und mehrfachen Beeintr\u00e4chtigungen. 100 Fachpersonen k\u00fcmmern sich um ihr Wohl mit dem Ziel, ihnen Lebensfreude und Geborgenheit in der Gemeinschaft zu erm\u00f6glichen. Liebst du den Umgang mit Menschen und m\u00f6chtest zur Lebensqualit\u00e4t der Klient:innen des Br\u00fcttelenbads beitragen?<\/p>\n<p>F\u00fcr unsere Ateliers mit den Bereichen Landwirtschaft, Werkatelier, Kreativateliers und Erlebnisatelier suchen wir per sofort oder nach Vereinbarung eine\/n<\/p>\n<p><strong>\u00a0 \u00a0 \u00a0 \u00a0 \u00a0 \u00a0 \u00a0 \u00a0 \u00a0 \u00a0 \u00a0 \u00a0 \u00a0 \u00a0 \u00a0 \u00a0 \u00a0 \u00a0 \u00a0 \u00a0 \u00a0 \u00a0 \u00a0 \u00a0 \u00a0 \u00a0Springer:in\u00a0<\/strong><\/p>\n<p>Das machst du:<\/p>\n<ul>\n<li>Agogische Begleitung und Unterst\u00fctzung im strukturierten Tagesablauf<\/li>\n<li>F\u00f6rderung und Erhalt der Selbstst\u00e4ndigkeit sowie der Eigenverantwortung<\/li>\n<li>Unterst\u00fctzung und Begleitung bei der K\u00f6rperhygiene<\/li>\n<li>\u00dcbernahme einfacher administrativer Aufgaben<\/li>\n<li>Aktive Mitarbeit im Team<\/li>\n<\/ul>\n<p>Das bringst du mit:<\/p>\n<ul>\n<li>Abgeschlossene Ausbildung im sozialp\u00e4dagogischen Bereich von Vorteil<\/li>\n<li><em style=\"font-size: inherit; letter-spacing: 0.01em;\">(Quereinsteiger:innen und Pensionierte sind herzlich willkommen)<\/em><\/li>\n<li>Freude und Offenheit im Umgang mit Menschen mit Beeintr\u00e4chtigungen<\/li>\n<li>Praktisches Geschick und Freude an handwerklichen T\u00e4tigkeiten<\/li>\n<li>K\u00f6rperliche Belastbarkeit und Freude an praktischer Arbeit im Innen- und Aussenbereich<\/li>\n<li>Respektvoller und professioneller Umgang mit N\u00e4he und Distanz<\/li>\n<li>Teamf\u00e4higkeit, Selbstst\u00e4ndigkeit und Flexibilit\u00e4t<\/li>\n<li>F\u00fchrerausweis Kategorie B<\/li>\n<\/ul>\n<p>Das bieten wir dir:<\/p>\n<ul>\n<li>Interessantes und abwechslungsreiches Arbeitsgebiet<\/li>\n<li>5-Tage Woche im Tagesbetrieb, Arbeitszeiten zwischen 7:45 Uhr und 16:30 Uhr (Ausnahme bei Spezialanl\u00e4ssen)<\/li>\n<li>Attraktive Anstellungsbedingungen in Anlehnung an die kantonalen Richtlinien<\/li>\n<li>5 Wochen Ferien<\/li>\n<li>Kostenloser Parkplatz sowie \u00d6V Anschluss in Br\u00fcttelen<\/li>\n<li>Betriebliche Sozialberatung f\u00fcr das Wohlergehen der Mitarbeitenden<\/li>\n<\/ul>\n<p>Es erwartet dich ein engagiertes Team, das eine respektvolle und verl\u00e4ssliche Zusammenarbeit pflegt und sich t\u00e4glich mit Freude und Begeisterung f\u00fcr die Lebensqualit\u00e4t und Zufriedenheit der Klient:innen einsetzt.<\/p>\n<p>M\u00f6chtest du die Herausforderung annehmen? Dann freuen wir uns darauf, dich kennen zu lernen.<\/p>\n<p>F\u00fcr weitere Ausk\u00fcnfte steht dir Stephan Baumann, Institutionsleiter, unter 032 321 38 01 oder Dominique Sch\u00e4r, Teamleiter Landwirtschaft, unter 032 321 38 22 gerne zur Verf\u00fcgung.<\/p>\n<p>Deine vollst\u00e4ndigen Bewerbungsunterlagen inkl. Motivationsschreiben sende bitte an: <a href=\"&#x6d;&#x61;&#105;l&#x74;&#x6f;&#58;&#112;e&#x72;&#x73;&#111;&#110;a&#x6c;&#x40;&#98;ru&#x65;&#x74;&#116;e&#x6c;&#x65;&#110;&#98;a&#x64;&#x2e;&#99;&#104;\">&#x70;e&#x72;&#115;&#x6f;&#110;a&#x6c;&#64;&#x62;&#114;&#x75;&#101;t&#x74;&#101;&#x6c;&#101;n&#x62;a&#x64;&#46;&#x63;&#104;<\/a><\/p>\n<h5>Schnellbewerbung:<\/h5>\n\n<div class=\"wpcf7 no-js\" id=\"wpcf7-f6576-o1\" lang=\"de-DE\" dir=\"ltr\" data-wpcf7-id=\"6576\">\n<div class=\"screen-reader-response\"><p role=\"status\" aria-live=\"polite\" aria-atomic=\"true\"><\/p> <ul><\/ul><\/div>\n<form action=\"\/ed\/wp-json\/wp\/v2\/pages\/7543#wpcf7-f6576-o1\" method=\"post\" class=\"wpcf7-form init\" aria-label=\"Kontaktformular\" enctype=\"multipart\/form-data\" novalidate=\"novalidate\" data-status=\"init\">\n<fieldset class=\"hidden-fields-container\"><input type=\"hidden\" name=\"_wpcf7\" value=\"6576\" \/><input type=\"hidden\" name=\"_wpcf7_version\" value=\"6.1.5\" \/><input type=\"hidden\" name=\"_wpcf7_locale\" value=\"de_DE\" \/><input type=\"hidden\" name=\"_wpcf7_unit_tag\" value=\"wpcf7-f6576-o1\" \/><input type=\"hidden\" name=\"_wpcf7_container_post\" value=\"0\" \/><input type=\"hidden\" name=\"_wpcf7_posted_data_hash\" value=\"\" \/>\n<\/fieldset>\n<div class=\"input-wrapper\">\n<div id=\"scroll-to-form\"><\/div>\n<span class=\"wpcf7-form-control-wrap\" data-name=\"stelle-name\"><input size=\"40\" maxlength=\"400\" class=\"wpcf7-form-control wpcf7-text wpcf7-validates-as-required\" aria-required=\"true\" aria-invalid=\"false\" placeholder=\"Vollst\u00e4ndiger Name*\" value=\"\" type=\"text\" name=\"stelle-name\" \/><\/span>\n\n<span class=\"wpcf7-form-control-wrap\" data-name=\"stelle-email\"><input size=\"40\" maxlength=\"400\" class=\"wpcf7-form-control wpcf7-email wpcf7-validates-as-required wpcf7-text wpcf7-validates-as-email\" aria-required=\"true\" aria-invalid=\"false\" placeholder=\"E-Mail Adresse*\" value=\"\" type=\"email\" name=\"stelle-email\" \/><\/span>\n\n<span class=\"wpcf7-form-control-wrap\" data-name=\"stelle-telefon\"><input size=\"40\" maxlength=\"400\" class=\"wpcf7-form-control wpcf7-tel wpcf7-text wpcf7-validates-as-tel\" aria-invalid=\"false\" placeholder=\"Telefonnummer\" value=\"\" type=\"tel\" name=\"stelle-telefon\" \/><\/span>\n\n<br>\nCV Hochladen (PDF, max 2MB)\n<span class=\"wpcf7-form-control-wrap\" data-name=\"stellen-cv\"><input size=\"40\" class=\"wpcf7-form-control wpcf7-file\" accept=\"image\/*,.txt,application\/pdf\" aria-invalid=\"false\" type=\"file\" name=\"stellen-cv\" \/><\/span>\n\n<span class=\"wpcf7-form-control-wrap\" data-name=\"stellen-form\"><input size=\"40\" maxlength=\"400\" class=\"wpcf7-form-control wpcf7-text stellen-form\" aria-invalid=\"false\" value=\"\" type=\"text\" name=\"stellen-form\" \/><\/span>\n\n\n<input class=\"wpcf7-form-control wpcf7-submit has-spinner\" type=\"submit\" value=\"Senden\" \/>\n<\/div><div class=\"wpcf7-response-output\" aria-hidden=\"true\"><\/div>\n<\/form>\n<\/div>\n\n<p>&nbsp;<\/p>","protected":false},"excerpt":{"rendered":"<p>Diesen Eintrag gibt es nur in normaler Sprache.Die Stiftung Br\u00fcttelenbad bietet betreute Wohn- und Arbeitspl\u00e4tze an f\u00fcr rund 60 Menschen mit kognitiven und mehrfachen Beeintr\u00e4chtigungen. 100 Fachpersonen k\u00fcmmern sich um ihr Wohl mit dem Ziel, ihnen Lebensfreude und Geborgenheit in der Gemeinschaft zu erm\u00f6glichen. Liebst du den Umgang mit Menschen und m\u00f6chtest zur Lebensqualit\u00e4t der [&hellip;]<\/p>\n","protected":false},"author":6,"featured_media":0,"parent":0,"menu_order":0,"comment_status":"closed","ping_status":"closed","template":"","meta":{"footnotes":""},"class_list":["post-7543","page","type-page","status-publish","hentry"],"acf":[],"_links":{"self":[{"href":"https:\/\/bruettelenbad.ch\/ed\/wp-json\/wp\/v2\/pages\/7543","targetHints":{"allow":["GET"]}}],"collection":[{"href":"https:\/\/bruettelenbad.ch\/ed\/wp-json\/wp\/v2\/pages"}],"about":[{"href":"https:\/\/bruettelenbad.ch\/ed\/wp-json\/wp\/v2\/types\/page"}],"author":[{"embeddable":true,"href":"https:\/\/bruettelenbad.ch\/ed\/wp-json\/wp\/v2\/users\/6"}],"replies":[{"embeddable":true,"href":"https:\/\/bruettelenbad.ch\/ed\/wp-json\/wp\/v2\/comments?post=7543"}],"version-history":[{"count":3,"href":"https:\/\/bruettelenbad.ch\/ed\/wp-json\/wp\/v2\/pages\/7543\/revisions"}],"predecessor-version":[{"id":7560,"href":"https:\/\/bruettelenbad.ch\/ed\/wp-json\/wp\/v2\/pages\/7543\/revisions\/7560"}],"wp:attachment":[{"href":"https:\/\/bruettelenbad.ch\/ed\/wp-json\/wp\/v2\/media?parent=7543"}],"curies":[{"name":"wp","href":"https:\/\/api.w.org\/{rel}","templated":true}]}}