{"id":7287,"date":"2025-10-20T13:41:36","date_gmt":"2025-10-20T11:41:36","guid":{"rendered":"https:\/\/bruettelenbad.ch\/?page_id=7287"},"modified":"2025-10-20T13:43:13","modified_gmt":"2025-10-20T11:43:13","slug":"mitarbeiter-in-technischer-dienst-80-100","status":"publish","type":"page","link":"https:\/\/bruettelenbad.ch\/ed\/mitarbeiter-in-technischer-dienst-80-100\/","title":{"rendered":"Mitarbeiter: in Technischer Dienst 80-100%"},"content":{"rendered":"<p class=\"qtranxs-available-languages-message qtranxs-available-languages-message-ed\">Diesen Eintrag gibt es nur in normaler Sprache.<\/p><p>Die Stiftung Br\u00fcttelenbad bietet betreute Wohn- und Arbeitspl\u00e4tze an f\u00fcr rund 60 Menschen mit kognitiven und mehrfachen Beeintr\u00e4chtigungen. 100 Fachpersonen k\u00fcmmern sich um ihr Wohl mit dem Ziel ihnen Lebensfreude und Geborgenheit in der Gemeinschaft zu erm\u00f6glichen. Liebst du den Umgang mit Menschen und m\u00f6chtest beitragen zur Lebensqualit\u00e4t der Klient: innen des Br\u00fcttelenbads? Hast du Freude am Kontakt mit Menschen und m\u00f6chtest mit deinem technischen Know-how zum Wohlbefinden unseres Klienten: innen beitragen?<\/p>\n<p>Zur Verst\u00e4rkung unseres Teams suchen wir f\u00fcr einen befristeten Einsatz von 01.12.2025-30.04. 2026 oder nach Vereinbarung eine\/n<\/p>\n<p><strong>Mitarbeiter: in Technischer Dienst 80% &#8211; 100% (m\/w\/d)<\/strong><\/p>\n<p>Das machst Du:<\/p>\n<ul>\n<li>Durchf\u00fchrung von Wartungs-, Instandhaltungs- und Reparaturarbeiten an Geb\u00e4uden, Anlagen und technischen Einrichtungen<\/li>\n<li>Kontrolle und Bedienung der haustechnischen Systeme (Heizung, L\u00fcftung, Klima, Sanit\u00e4r, Elektro)<\/li>\n<li>Erkennung, Meldung und Beseitigung von St\u00f6rungen sowie Durchf\u00fchrung kleinerer Reparaturen<\/li>\n<li>Allgemeine technische Unterst\u00fctzung innerhalb des Betriebs<\/li>\n<li>Pikett- und Winterdienste<\/li>\n<\/ul>\n<p>Das bringst Du mit:<\/p>\n<ul>\n<li>Abgeschlossene technische Grundausbildung zwingend<\/li>\n<li>gute PC- Kenntnisse<\/li>\n<li>Fahrausweis der Kategorie BE<\/li>\n<li>L\u00f6sungsorientierte Pers\u00f6nlichkeit mit hoher Sozialkompetenz<\/li>\n<li>Selbst\u00e4ndige, zielgerichtete und strukturierte Arbeitsweise<\/li>\n<\/ul>\n<p>Das bieten wir Dir:<\/p>\n<ul>\n<li>Ein vielseitiges und sinnstiftendes Arbeitsumfeld<\/li>\n<li>Attraktive Anstellungsbedingungen gem\u00e4ss kantonalen Richtlinien<\/li>\n<li>Geregelte Arbeitszeiten und kostenlose Parkpl\u00e4tze vor Ort<\/li>\n<li>Engagierte Mitarbeitende, die Wert legen auf gegenseitige Unterst\u00fctzung, Respekt \u2013 und eine Prise Humor<\/li>\n<\/ul>\n<p>Wir setzen uns jeden Tag mit Freude und Begeisterung f\u00fcr die Lebensqualit\u00e4t und Zufriedenheit der Klient: innen ein. M\u00f6chtest du die Herausforderung annehmen, dann freuen wir uns darauf, Dich kennen zu lernen.<\/p>\n<p>F\u00fcr weitere Ausk\u00fcnfte melde dich gerne unter 032 321 38 00<\/p>\n<p>Deine vollst\u00e4ndigen Bewerbungsunterlagen sende bitte an: <a href=\"mail&#116;&#111;&#58;&#112;&#101;&#x72;&#x73;&#x6f;&#x6e;&#x61;&#x6c;&#x40;brue&#116;&#116;&#101;&#108;&#101;&#x6e;&#x62;&#x61;&#x64;&#x2e;&#x63;&#x68;\">&#x70;&#x65;&#x72;&#115;&#111;&#110;al&#x40;&#x62;&#x72;&#x75;&#101;&#116;te&#x6c;&#x65;&#x6e;&#x62;&#97;&#100;&#46;c&#x68;<\/a><\/p>\n<h5>Schnellbewerbung:<\/h5>\n<p>\n<div class=\"wpcf7 no-js\" id=\"wpcf7-f6576-o1\" lang=\"de-DE\" dir=\"ltr\" data-wpcf7-id=\"6576\">\n<div class=\"screen-reader-response\"><p role=\"status\" aria-live=\"polite\" aria-atomic=\"true\"><\/p> <ul><\/ul><\/div>\n<form action=\"\/ed\/wp-json\/wp\/v2\/pages\/7287#wpcf7-f6576-o1\" method=\"post\" class=\"wpcf7-form init\" aria-label=\"Kontaktformular\" enctype=\"multipart\/form-data\" novalidate=\"novalidate\" data-status=\"init\">\n<fieldset class=\"hidden-fields-container\"><input type=\"hidden\" name=\"_wpcf7\" value=\"6576\" \/><input type=\"hidden\" name=\"_wpcf7_version\" value=\"6.1.5\" \/><input type=\"hidden\" name=\"_wpcf7_locale\" value=\"de_DE\" \/><input type=\"hidden\" name=\"_wpcf7_unit_tag\" value=\"wpcf7-f6576-o1\" \/><input type=\"hidden\" name=\"_wpcf7_container_post\" value=\"0\" \/><input type=\"hidden\" name=\"_wpcf7_posted_data_hash\" value=\"\" \/>\n<\/fieldset>\n<div class=\"input-wrapper\">\n<div id=\"scroll-to-form\"><\/div>\n<span class=\"wpcf7-form-control-wrap\" data-name=\"stelle-name\"><input size=\"40\" maxlength=\"400\" class=\"wpcf7-form-control wpcf7-text wpcf7-validates-as-required\" aria-required=\"true\" aria-invalid=\"false\" placeholder=\"Vollst\u00e4ndiger Name*\" value=\"\" type=\"text\" name=\"stelle-name\" \/><\/span>\n\n<span class=\"wpcf7-form-control-wrap\" data-name=\"stelle-email\"><input size=\"40\" maxlength=\"400\" class=\"wpcf7-form-control wpcf7-email wpcf7-validates-as-required wpcf7-text wpcf7-validates-as-email\" aria-required=\"true\" aria-invalid=\"false\" placeholder=\"E-Mail Adresse*\" value=\"\" type=\"email\" name=\"stelle-email\" \/><\/span>\n\n<span class=\"wpcf7-form-control-wrap\" data-name=\"stelle-telefon\"><input size=\"40\" maxlength=\"400\" class=\"wpcf7-form-control wpcf7-tel wpcf7-text wpcf7-validates-as-tel\" aria-invalid=\"false\" placeholder=\"Telefonnummer\" value=\"\" type=\"tel\" name=\"stelle-telefon\" \/><\/span>\n\n<br>\nCV Hochladen (PDF, max 2MB)\n<span class=\"wpcf7-form-control-wrap\" data-name=\"stellen-cv\"><input size=\"40\" class=\"wpcf7-form-control wpcf7-file\" accept=\"image\/*,.txt,application\/pdf\" aria-invalid=\"false\" type=\"file\" name=\"stellen-cv\" \/><\/span>\n\n<span class=\"wpcf7-form-control-wrap\" data-name=\"stellen-form\"><input size=\"40\" maxlength=\"400\" class=\"wpcf7-form-control wpcf7-text stellen-form\" aria-invalid=\"false\" value=\"\" type=\"text\" name=\"stellen-form\" \/><\/span>\n\n\n<input class=\"wpcf7-form-control wpcf7-submit has-spinner\" type=\"submit\" value=\"Senden\" \/>\n<\/div><div class=\"wpcf7-response-output\" aria-hidden=\"true\"><\/div>\n<\/form>\n<\/div>\n<\/p>","protected":false},"excerpt":{"rendered":"<p>Diesen Eintrag gibt es nur in normaler Sprache.Die Stiftung Br\u00fcttelenbad bietet betreute Wohn- und Arbeitspl\u00e4tze an f\u00fcr rund 60 Menschen mit kognitiven und mehrfachen Beeintr\u00e4chtigungen. 100 Fachpersonen k\u00fcmmern sich um ihr Wohl mit dem Ziel ihnen Lebensfreude und Geborgenheit in der Gemeinschaft zu erm\u00f6glichen. Liebst du den Umgang mit Menschen und m\u00f6chtest beitragen zur Lebensqualit\u00e4t [&hellip;]<\/p>\n","protected":false},"author":6,"featured_media":0,"parent":0,"menu_order":0,"comment_status":"closed","ping_status":"closed","template":"","meta":{"footnotes":""},"class_list":["post-7287","page","type-page","status-publish","hentry"],"acf":[],"_links":{"self":[{"href":"https:\/\/bruettelenbad.ch\/ed\/wp-json\/wp\/v2\/pages\/7287","targetHints":{"allow":["GET"]}}],"collection":[{"href":"https:\/\/bruettelenbad.ch\/ed\/wp-json\/wp\/v2\/pages"}],"about":[{"href":"https:\/\/bruettelenbad.ch\/ed\/wp-json\/wp\/v2\/types\/page"}],"author":[{"embeddable":true,"href":"https:\/\/bruettelenbad.ch\/ed\/wp-json\/wp\/v2\/users\/6"}],"replies":[{"embeddable":true,"href":"https:\/\/bruettelenbad.ch\/ed\/wp-json\/wp\/v2\/comments?post=7287"}],"version-history":[{"count":3,"href":"https:\/\/bruettelenbad.ch\/ed\/wp-json\/wp\/v2\/pages\/7287\/revisions"}],"predecessor-version":[{"id":7294,"href":"https:\/\/bruettelenbad.ch\/ed\/wp-json\/wp\/v2\/pages\/7287\/revisions\/7294"}],"wp:attachment":[{"href":"https:\/\/bruettelenbad.ch\/ed\/wp-json\/wp\/v2\/media?parent=7287"}],"curies":[{"name":"wp","href":"https:\/\/api.w.org\/{rel}","templated":true}]}}